{"id":816,"date":"2018-02-12T11:36:28","date_gmt":"2018-02-12T10:36:28","guid":{"rendered":"https:\/\/www.serodem.fr\/?page_id=816"},"modified":"2018-02-12T12:43:38","modified_gmt":"2018-02-12T11:43:38","slug":"discharge-machining","status":"publish","type":"page","link":"https:\/\/www.serodem.fr\/en\/our-activities\/machining-of-mechanical-parts\/discharge-machining\/","title":{"rendered":"DISCHARGE MACHINING"},"content":{"rendered":"<div class=\"wpb-content-wrapper\"><p>[vc_row full_width=&#8221;stretch_row&#8221; css=&#8221;.vc_custom_1501764484503{margin-top: -35px !important;background-color: #f3f3f3 !important;}&#8221;][vc_column width=&#8221;1\/4&#8243; offset=&#8221;vc_hidden-xs&#8221;][vc_wp_custommenu nav_menu=&#8221;7&#8243; el_class=&#8221;left-menu&#8221;][\/vc_column][vc_column width=&#8221;3\/4&#8243;][vc_column_text el_class=&#8221;text-center&#8221;]<\/p>\n<h1>DISCHARGE MACHINING<\/h1>\n<p>[\/vc_column_text][vc_column_text]<strong>Electrical discharge machining<\/strong> consists in removing material from a conductive part, eroding it to give it the required shape and dimension using electrical discharges. This technique allows us to machine all electricity conductive materials (such as metals, alloys, carbons, graphites, etc.) however hard they may be.<\/p>\n<p>Depending on the results expected and the end-use of your part, we will guide you towards 3 types of discharge machining :<\/p>\n<ul>\n<li><strong>Electrical discharge machining by sinking<\/strong>, which machines the workpiece using an additional, shaped electrode which is sunk into the piece.<\/li>\n<li><strong>Wire electrical discharge machining<\/strong> which is used to cut a workpiece following a ruled surface using a wire guided by a plane and angular movement.<\/li>\n<li><strong>Rapid drilling by discharge machining<\/strong> which drills very hard materials using a tubular electrode.<\/li>\n<\/ul>\n<p>[\/vc_column_text][vc_column_text]<\/p>\n<p class=\"p1 h2\">PRODUCTION MEANS<\/p>\n<ul>\n<li class=\"p2\">AGIE electrical discharge machining by sinking.<\/li>\n<li class=\"p1\">AGIE wire electrical discharge machining Capacity: X=500 Y=350 Z=250.<\/li>\n<\/ul>\n<p>[\/vc_column_text][\/vc_column][\/vc_row][vc_row][vc_column][vc_column_text]<\/p>\n<h2 style=\"text-align: center;\">A FEW PRODUCTION REFERENCES<\/h2>\n<p>[\/vc_column_text][vc_media_grid element_width=&#8221;2&#8243; item=&#8221;mediaGrid_ScaleWithRotation&#8221; grid_id=&#8221;vc_gid:1518435834505-b2e52121-da8c-10&#8243; include=&#8221;330,333,336,339,342&#8243;][\/vc_column][\/vc_row]<\/p>\n<\/div>","protected":false},"excerpt":{"rendered":"<p>[vc_row full_width=&#8221;stretch_row&#8221; css=&#8221;.vc_custom_1501764484503{margin-top: -35px !important;background-color: #f3f3f3 !important;}&#8221;][vc_column width=&#8221;1\/4&#8243; offset=&#8221;vc_hidden-xs&#8221;][vc_wp_custommenu nav_menu=&#8221;7&#8243; el_class=&#8221;left-menu&#8221;][\/vc_column][vc_column width=&#8221;3\/4&#8243;][vc_column_text el_class=&#8221;text-center&#8221;] DISCHARGE MACHINING [\/vc_column_text][vc_column_text]Electrical discharge machining consists in removing material from a conductive part, eroding it to give it the required shape and dimension using electrical discharges. This technique allows us to machine all electricity conductive materials (such [&hellip;]<\/p>\n","protected":false},"author":2,"featured_media":340,"parent":806,"menu_order":3,"comment_status":"closed","ping_status":"closed","template":"","meta":{"inline_featured_image":false,"footnotes":""},"class_list":["post-816","page","type-page","status-publish","hentry"],"yoast_head":"<!-- This site is optimized with the Yoast SEO plugin v27.4 - https:\/\/yoast.com\/product\/yoast-seo-wordpress\/ -->\n<title>\u00c9lectro\u00e9rosion - Serodem<\/title>\n<meta name=\"description\" content=\"Gr\u00e2ce \u00e0 l&#039;\u00e9lectro\u00e9rosion, Serodem peut usiner tous les mat\u00e9riaux conducteurs (m\u00e9taux, alliages, carbures, graphites, etc.) quelle que soit leur duret\u00e9.\" \/>\n<meta name=\"robots\" content=\"index, follow, max-snippet:-1, max-image-preview:large, max-video-preview:-1\" \/>\n<link rel=\"canonical\" href=\"https:\/\/www.serodem.fr\/en\/our-activities\/machining-of-mechanical-parts\/discharge-machining\/\" \/>\n<meta property=\"og:locale\" content=\"en_US\" \/>\n<meta property=\"og:type\" content=\"article\" \/>\n<meta property=\"og:title\" content=\"\u00c9lectro\u00e9rosion - Serodem\" \/>\n<meta property=\"og:description\" content=\"Gr\u00e2ce \u00e0 l&#039;\u00e9lectro\u00e9rosion, Serodem peut usiner tous les mat\u00e9riaux conducteurs (m\u00e9taux, alliages, carbures, graphites, etc.) quelle que soit leur duret\u00e9.\" \/>\n<meta property=\"og:url\" content=\"https:\/\/www.serodem.fr\/en\/our-activities\/machining-of-mechanical-parts\/discharge-machining\/\" \/>\n<meta property=\"og:site_name\" content=\"Serodem.fr\" \/>\n<meta property=\"article:modified_time\" content=\"2018-02-12T11:43:38+00:00\" \/>\n<meta property=\"og:image\" content=\"https:\/\/www.serodem.fr\/wp-content\/uploads\/2017\/08\/Erosion-pieces-mecaniques.jpg\" \/>\n\t<meta property=\"og:image:width\" content=\"1500\" \/>\n\t<meta property=\"og:image:height\" content=\"1125\" \/>\n\t<meta property=\"og:image:type\" content=\"image\/jpeg\" \/>\n<meta name=\"twitter:card\" content=\"summary_large_image\" \/>\n<meta name=\"twitter:label1\" content=\"Est. reading time\" \/>\n\t<meta name=\"twitter:data1\" content=\"1 minute\" \/>\n<script type=\"application\/ld+json\" class=\"yoast-schema-graph\">{\"@context\":\"https:\\\/\\\/schema.org\",\"@graph\":[{\"@type\":\"WebPage\",\"@id\":\"https:\\\/\\\/www.serodem.fr\\\/en\\\/our-activities\\\/machining-of-mechanical-parts\\\/discharge-machining\\\/\",\"url\":\"https:\\\/\\\/www.serodem.fr\\\/en\\\/our-activities\\\/machining-of-mechanical-parts\\\/discharge-machining\\\/\",\"name\":\"\u00c9lectro\u00e9rosion - Serodem\",\"isPartOf\":{\"@id\":\"https:\\\/\\\/www.serodem.fr\\\/en\\\/#website\"},\"primaryImageOfPage\":{\"@id\":\"https:\\\/\\\/www.serodem.fr\\\/en\\\/our-activities\\\/machining-of-mechanical-parts\\\/discharge-machining\\\/#primaryimage\"},\"image\":{\"@id\":\"https:\\\/\\\/www.serodem.fr\\\/en\\\/our-activities\\\/machining-of-mechanical-parts\\\/discharge-machining\\\/#primaryimage\"},\"thumbnailUrl\":\"https:\\\/\\\/www.serodem.fr\\\/wp-content\\\/uploads\\\/2017\\\/08\\\/Erosion-pieces-mecaniques.jpg\",\"datePublished\":\"2018-02-12T10:36:28+00:00\",\"dateModified\":\"2018-02-12T11:43:38+00:00\",\"description\":\"Gr\u00e2ce \u00e0 l'\u00e9lectro\u00e9rosion, Serodem peut usiner tous les mat\u00e9riaux conducteurs (m\u00e9taux, alliages, carbures, graphites, etc.) quelle que soit leur duret\u00e9.\",\"breadcrumb\":{\"@id\":\"https:\\\/\\\/www.serodem.fr\\\/en\\\/our-activities\\\/machining-of-mechanical-parts\\\/discharge-machining\\\/#breadcrumb\"},\"inLanguage\":\"en-US\",\"potentialAction\":[{\"@type\":\"ReadAction\",\"target\":[\"https:\\\/\\\/www.serodem.fr\\\/en\\\/our-activities\\\/machining-of-mechanical-parts\\\/discharge-machining\\\/\"]}]},{\"@type\":\"ImageObject\",\"inLanguage\":\"en-US\",\"@id\":\"https:\\\/\\\/www.serodem.fr\\\/en\\\/our-activities\\\/machining-of-mechanical-parts\\\/discharge-machining\\\/#primaryimage\",\"url\":\"https:\\\/\\\/www.serodem.fr\\\/wp-content\\\/uploads\\\/2017\\\/08\\\/Erosion-pieces-mecaniques.jpg\",\"contentUrl\":\"https:\\\/\\\/www.serodem.fr\\\/wp-content\\\/uploads\\\/2017\\\/08\\\/Erosion-pieces-mecaniques.jpg\",\"width\":1500,\"height\":1125},{\"@type\":\"BreadcrumbList\",\"@id\":\"https:\\\/\\\/www.serodem.fr\\\/en\\\/our-activities\\\/machining-of-mechanical-parts\\\/discharge-machining\\\/#breadcrumb\",\"itemListElement\":[{\"@type\":\"ListItem\",\"position\":1,\"name\":\"Accueil\",\"item\":\"https:\\\/\\\/www.serodem.fr\\\/en\\\/\"},{\"@type\":\"ListItem\",\"position\":2,\"name\":\"our activities\",\"item\":\"https:\\\/\\\/www.serodem.fr\\\/en\\\/our-activities\\\/machining-of-mechanical-parts\\\/turning-and-milling\\\/\"},{\"@type\":\"ListItem\",\"position\":3,\"name\":\"MACHINING OF MECHANICAL PARTS\",\"item\":\"https:\\\/\\\/www.serodem.fr\\\/en\\\/our-activities\\\/machining-of-mechanical-parts\\\/\"},{\"@type\":\"ListItem\",\"position\":4,\"name\":\"DISCHARGE MACHINING\"}]},{\"@type\":\"WebSite\",\"@id\":\"https:\\\/\\\/www.serodem.fr\\\/en\\\/#website\",\"url\":\"https:\\\/\\\/www.serodem.fr\\\/en\\\/\",\"name\":\"Serodem.fr\",\"description\":\"\",\"potentialAction\":[{\"@type\":\"SearchAction\",\"target\":{\"@type\":\"EntryPoint\",\"urlTemplate\":\"https:\\\/\\\/www.serodem.fr\\\/en\\\/?s={search_term_string}\"},\"query-input\":{\"@type\":\"PropertyValueSpecification\",\"valueRequired\":true,\"valueName\":\"search_term_string\"}}],\"inLanguage\":\"en-US\"}]}<\/script>\n<!-- \/ Yoast SEO plugin. -->","yoast_head_json":{"title":"\u00c9lectro\u00e9rosion - Serodem","description":"Gr\u00e2ce \u00e0 l'\u00e9lectro\u00e9rosion, Serodem peut usiner tous les mat\u00e9riaux conducteurs (m\u00e9taux, alliages, carbures, graphites, etc.) quelle que soit leur duret\u00e9.","robots":{"index":"index","follow":"follow","max-snippet":"max-snippet:-1","max-image-preview":"max-image-preview:large","max-video-preview":"max-video-preview:-1"},"canonical":"https:\/\/www.serodem.fr\/en\/our-activities\/machining-of-mechanical-parts\/discharge-machining\/","og_locale":"en_US","og_type":"article","og_title":"\u00c9lectro\u00e9rosion - Serodem","og_description":"Gr\u00e2ce \u00e0 l'\u00e9lectro\u00e9rosion, Serodem peut usiner tous les mat\u00e9riaux conducteurs (m\u00e9taux, alliages, carbures, graphites, etc.) quelle que soit leur duret\u00e9.","og_url":"https:\/\/www.serodem.fr\/en\/our-activities\/machining-of-mechanical-parts\/discharge-machining\/","og_site_name":"Serodem.fr","article_modified_time":"2018-02-12T11:43:38+00:00","og_image":[{"width":1500,"height":1125,"url":"https:\/\/www.serodem.fr\/wp-content\/uploads\/2017\/08\/Erosion-pieces-mecaniques.jpg","type":"image\/jpeg"}],"twitter_card":"summary_large_image","twitter_misc":{"Est. reading time":"1 minute"},"schema":{"@context":"https:\/\/schema.org","@graph":[{"@type":"WebPage","@id":"https:\/\/www.serodem.fr\/en\/our-activities\/machining-of-mechanical-parts\/discharge-machining\/","url":"https:\/\/www.serodem.fr\/en\/our-activities\/machining-of-mechanical-parts\/discharge-machining\/","name":"\u00c9lectro\u00e9rosion - Serodem","isPartOf":{"@id":"https:\/\/www.serodem.fr\/en\/#website"},"primaryImageOfPage":{"@id":"https:\/\/www.serodem.fr\/en\/our-activities\/machining-of-mechanical-parts\/discharge-machining\/#primaryimage"},"image":{"@id":"https:\/\/www.serodem.fr\/en\/our-activities\/machining-of-mechanical-parts\/discharge-machining\/#primaryimage"},"thumbnailUrl":"https:\/\/www.serodem.fr\/wp-content\/uploads\/2017\/08\/Erosion-pieces-mecaniques.jpg","datePublished":"2018-02-12T10:36:28+00:00","dateModified":"2018-02-12T11:43:38+00:00","description":"Gr\u00e2ce \u00e0 l'\u00e9lectro\u00e9rosion, Serodem peut usiner tous les mat\u00e9riaux conducteurs (m\u00e9taux, alliages, carbures, graphites, etc.) quelle que soit leur duret\u00e9.","breadcrumb":{"@id":"https:\/\/www.serodem.fr\/en\/our-activities\/machining-of-mechanical-parts\/discharge-machining\/#breadcrumb"},"inLanguage":"en-US","potentialAction":[{"@type":"ReadAction","target":["https:\/\/www.serodem.fr\/en\/our-activities\/machining-of-mechanical-parts\/discharge-machining\/"]}]},{"@type":"ImageObject","inLanguage":"en-US","@id":"https:\/\/www.serodem.fr\/en\/our-activities\/machining-of-mechanical-parts\/discharge-machining\/#primaryimage","url":"https:\/\/www.serodem.fr\/wp-content\/uploads\/2017\/08\/Erosion-pieces-mecaniques.jpg","contentUrl":"https:\/\/www.serodem.fr\/wp-content\/uploads\/2017\/08\/Erosion-pieces-mecaniques.jpg","width":1500,"height":1125},{"@type":"BreadcrumbList","@id":"https:\/\/www.serodem.fr\/en\/our-activities\/machining-of-mechanical-parts\/discharge-machining\/#breadcrumb","itemListElement":[{"@type":"ListItem","position":1,"name":"Accueil","item":"https:\/\/www.serodem.fr\/en\/"},{"@type":"ListItem","position":2,"name":"our activities","item":"https:\/\/www.serodem.fr\/en\/our-activities\/machining-of-mechanical-parts\/turning-and-milling\/"},{"@type":"ListItem","position":3,"name":"MACHINING OF MECHANICAL PARTS","item":"https:\/\/www.serodem.fr\/en\/our-activities\/machining-of-mechanical-parts\/"},{"@type":"ListItem","position":4,"name":"DISCHARGE MACHINING"}]},{"@type":"WebSite","@id":"https:\/\/www.serodem.fr\/en\/#website","url":"https:\/\/www.serodem.fr\/en\/","name":"Serodem.fr","description":"","potentialAction":[{"@type":"SearchAction","target":{"@type":"EntryPoint","urlTemplate":"https:\/\/www.serodem.fr\/en\/?s={search_term_string}"},"query-input":{"@type":"PropertyValueSpecification","valueRequired":true,"valueName":"search_term_string"}}],"inLanguage":"en-US"}]}},"_links":{"self":[{"href":"https:\/\/www.serodem.fr\/en\/wp-json\/wp\/v2\/pages\/816","targetHints":{"allow":["GET"]}}],"collection":[{"href":"https:\/\/www.serodem.fr\/en\/wp-json\/wp\/v2\/pages"}],"about":[{"href":"https:\/\/www.serodem.fr\/en\/wp-json\/wp\/v2\/types\/page"}],"author":[{"embeddable":true,"href":"https:\/\/www.serodem.fr\/en\/wp-json\/wp\/v2\/users\/2"}],"replies":[{"embeddable":true,"href":"https:\/\/www.serodem.fr\/en\/wp-json\/wp\/v2\/comments?post=816"}],"version-history":[{"count":0,"href":"https:\/\/www.serodem.fr\/en\/wp-json\/wp\/v2\/pages\/816\/revisions"}],"up":[{"embeddable":true,"href":"https:\/\/www.serodem.fr\/en\/wp-json\/wp\/v2\/pages\/806"}],"wp:featuredmedia":[{"embeddable":true,"href":"https:\/\/www.serodem.fr\/en\/wp-json\/wp\/v2\/media\/340"}],"wp:attachment":[{"href":"https:\/\/www.serodem.fr\/en\/wp-json\/wp\/v2\/media?parent=816"}],"curies":[{"name":"wp","href":"https:\/\/api.w.org\/{rel}","templated":true}]}}