{"id":821,"date":"2018-02-12T11:46:22","date_gmt":"2018-02-12T10:46:22","guid":{"rendered":"https:\/\/www.serodem.fr\/?page_id=821"},"modified":"2026-02-18T09:26:03","modified_gmt":"2026-02-18T08:26:03","slug":"grinding","status":"publish","type":"page","link":"https:\/\/www.serodem.fr\/en\/our-activities\/machining-of-mechanical-parts\/grinding\/","title":{"rendered":"GRINDING"},"content":{"rendered":"<div class=\"wpb-content-wrapper\"><p>[vc_row full_width=&#8221;stretch_row&#8221; css=&#8221;.vc_custom_1501764484503{margin-top: -35px !important;background-color: #f3f3f3 !important;}&#8221;][vc_column width=&#8221;1\/4&#8243; offset=&#8221;vc_hidden-xs&#8221;][vc_wp_custommenu nav_menu=&#8221;7&#8243; el_class=&#8221;left-menu&#8221;][\/vc_column][vc_column width=&#8221;3\/4&#8243;][vc_row_inner equal_height=&#8221;yes&#8221; content_placement=&#8221;middle&#8221;][vc_column_inner width=&#8221;1\/3&#8243;][vc_single_image image=&#8221;1759&#8243; img_size=&#8221;full&#8221; alignment=&#8221;center&#8221; css_animation=&#8221;flipInX&#8221; css=&#8221;&#8221;][\/vc_column_inner][vc_column_inner width=&#8221;1\/3&#8243;][vc_column_text el_class=&#8221;text-center&#8221;]<\/p>\n<h1 class=\"h1\" style=\"text-align: left;\">Rectification<\/h1>\n<p>[\/vc_column_text][\/vc_column_inner][vc_column_inner width=&#8221;1\/3&#8243;][\/vc_column_inner][\/vc_row_inner][vc_column_text]SERODEM, and its BESSIN RECTIFICATION subsidiary in particular, performs very high-precision <strong>grinding<\/strong> work using state-of-the-art equipment (like the interior-exterior grinder) <strong>with precision within 0.001m<\/strong>.<\/p>\n<p>The operations are performed in optimal conditions with a temperature- and hygrometric-controlled environment, with permanently filtered air to ensure perfect machining and dimensional control quality. Our installed equipment is regularly checked and calibrated.[\/vc_column_text][vc_column_text]<\/p>\n<h2 class=\"h2\">FLAT MILLING, CYLINDRICAL MILLING AND COORDINATE MILLING<\/h2>\n<div id=\"u51202-45\" class=\"clearfix colelem shared_content\" data-content-guid=\"u51202-45_content\">\n<p>For your high-precision milling requirements, SERODEM offers different techniques to suit your needs :<\/p>\n<ul>\n<li><strong>Flat milling<\/strong> guarantees the flatness and parallelism needed for the support surface. This technique also guarantees an optimal surface quality for an impeccable finish.<\/li>\n<li><strong>Cylindrical milling\u00a0<\/strong>: allows us to machine by the abrasion of round workpieces, with strict dimensional and geometric tolerances as well as very fine surface qualities.<\/li>\n<li><strong>Coordinate milling<\/strong> is used to obtain maximum precision in combined machining operations.<\/li>\n<\/ul>\n<p>We intervene on unit workpieces or small runs.<\/p>\n<\/div>\n<p>[\/vc_column_text][vc_column_text]<\/p>\n<p class=\"p1 h2\">PRODUCTION MEANS<\/p>\n<ul>\n<li class=\"p2\">Flat Milling, table capacity: 900 x 250 to 1000 x 600<\/li>\n<li class=\"p2\">Cylindrical milling interior capacity: \u00d81mm to \u00d8100 and \u00d810mm to \u00d8250<\/li>\n<li class=\"p2\">Cylindrical milling exterior capacity: \u00d8200mm x 400 to: \u00d8350 x 1000<\/li>\n<li class=\"p1\">Moore coordinate milling: X=400mmx Y=250mm<\/li>\n<\/ul>\n<p>[\/vc_column_text][\/vc_column][\/vc_row][vc_row][vc_column][vc_column_text]<\/p>\n<h2 style=\"text-align: center;\">IN PICTURES<\/h2>\n<p>[\/vc_column_text][vc_media_grid element_width=&#8221;2&#8243; item=&#8221;mediaGrid_ScaleWithRotation&#8221; grid_id=&#8221;vc_gid:1771403088191-8c8bca09-bb51-4&#8243; include=&#8221;535&#8243;][\/vc_column][\/vc_row]<\/p>\n<\/div>","protected":false},"excerpt":{"rendered":"<p>[vc_row full_width=&#8221;stretch_row&#8221; css=&#8221;.vc_custom_1501764484503{margin-top: -35px !important;background-color: #f3f3f3 !important;}&#8221;][vc_column width=&#8221;1\/4&#8243; offset=&#8221;vc_hidden-xs&#8221;][vc_wp_custommenu nav_menu=&#8221;7&#8243; el_class=&#8221;left-menu&#8221;][\/vc_column][vc_column width=&#8221;3\/4&#8243;][vc_row_inner equal_height=&#8221;yes&#8221; content_placement=&#8221;middle&#8221;][vc_column_inner width=&#8221;1\/3&#8243;][vc_single_image image=&#8221;1759&#8243; img_size=&#8221;full&#8221; alignment=&#8221;center&#8221; css_animation=&#8221;flipInX&#8221; css=&#8221;&#8221;][\/vc_column_inner][vc_column_inner width=&#8221;1\/3&#8243;][vc_column_text el_class=&#8221;text-center&#8221;] Rectification [\/vc_column_text][\/vc_column_inner][vc_column_inner width=&#8221;1\/3&#8243;][\/vc_column_inner][\/vc_row_inner][vc_column_text]SERODEM, and its BESSIN RECTIFICATION subsidiary in particular, performs very high-precision grinding work using state-of-the-art equipment (like the interior-exterior grinder) with precision within 0.001m. The operations [&hellip;]<\/p>\n","protected":false},"author":2,"featured_media":0,"parent":806,"menu_order":2,"comment_status":"closed","ping_status":"closed","template":"","meta":{"inline_featured_image":false,"footnotes":""},"class_list":["post-821","page","type-page","status-publish","hentry"],"yoast_head":"<!-- This site is optimized with the Yoast SEO plugin v27.4 - https:\/\/yoast.com\/product\/yoast-seo-wordpress\/ -->\n<title>Rectification d&#039;usinage : cylindrique, plane, coordonn\u00e9e - Serodem<\/title>\n<meta name=\"description\" content=\"Serodem assure des travaux de rectification cylindrique, rectification plane et rectification en coordonn\u00e9es avec une pr\u00e9cision inf\u00e9rieure \u00e0 0.001 mm.\" \/>\n<meta name=\"robots\" content=\"index, follow, max-snippet:-1, max-image-preview:large, max-video-preview:-1\" \/>\n<link rel=\"canonical\" href=\"https:\/\/www.serodem.fr\/en\/our-activities\/machining-of-mechanical-parts\/grinding\/\" \/>\n<meta property=\"og:locale\" content=\"en_US\" \/>\n<meta property=\"og:type\" content=\"article\" \/>\n<meta property=\"og:title\" content=\"Rectification d&#039;usinage : cylindrique, plane, coordonn\u00e9e - Serodem\" \/>\n<meta property=\"og:description\" content=\"Serodem assure des travaux de rectification cylindrique, rectification plane et rectification en coordonn\u00e9es avec une pr\u00e9cision inf\u00e9rieure \u00e0 0.001 mm.\" \/>\n<meta property=\"og:url\" content=\"https:\/\/www.serodem.fr\/en\/our-activities\/machining-of-mechanical-parts\/grinding\/\" \/>\n<meta property=\"og:site_name\" content=\"Serodem.fr\" \/>\n<meta property=\"article:modified_time\" content=\"2026-02-18T08:26:03+00:00\" \/>\n<meta name=\"twitter:card\" content=\"summary_large_image\" \/>\n<meta name=\"twitter:label1\" content=\"Est. reading time\" \/>\n\t<meta name=\"twitter:data1\" content=\"2 minutes\" \/>\n<script type=\"application\/ld+json\" class=\"yoast-schema-graph\">{\"@context\":\"https:\\\/\\\/schema.org\",\"@graph\":[{\"@type\":\"WebPage\",\"@id\":\"https:\\\/\\\/www.serodem.fr\\\/en\\\/our-activities\\\/machining-of-mechanical-parts\\\/grinding\\\/\",\"url\":\"https:\\\/\\\/www.serodem.fr\\\/en\\\/our-activities\\\/machining-of-mechanical-parts\\\/grinding\\\/\",\"name\":\"Rectification d'usinage : cylindrique, plane, coordonn\u00e9e - Serodem\",\"isPartOf\":{\"@id\":\"https:\\\/\\\/www.serodem.fr\\\/en\\\/#website\"},\"datePublished\":\"2018-02-12T10:46:22+00:00\",\"dateModified\":\"2026-02-18T08:26:03+00:00\",\"description\":\"Serodem assure des travaux de rectification cylindrique, rectification plane et rectification en coordonn\u00e9es avec une pr\u00e9cision inf\u00e9rieure \u00e0 0.001 mm.\",\"breadcrumb\":{\"@id\":\"https:\\\/\\\/www.serodem.fr\\\/en\\\/our-activities\\\/machining-of-mechanical-parts\\\/grinding\\\/#breadcrumb\"},\"inLanguage\":\"en-US\",\"potentialAction\":[{\"@type\":\"ReadAction\",\"target\":[\"https:\\\/\\\/www.serodem.fr\\\/en\\\/our-activities\\\/machining-of-mechanical-parts\\\/grinding\\\/\"]}]},{\"@type\":\"BreadcrumbList\",\"@id\":\"https:\\\/\\\/www.serodem.fr\\\/en\\\/our-activities\\\/machining-of-mechanical-parts\\\/grinding\\\/#breadcrumb\",\"itemListElement\":[{\"@type\":\"ListItem\",\"position\":1,\"name\":\"Accueil\",\"item\":\"https:\\\/\\\/www.serodem.fr\\\/en\\\/\"},{\"@type\":\"ListItem\",\"position\":2,\"name\":\"our activities\",\"item\":\"https:\\\/\\\/www.serodem.fr\\\/en\\\/our-activities\\\/machining-of-mechanical-parts\\\/turning-and-milling\\\/\"},{\"@type\":\"ListItem\",\"position\":3,\"name\":\"MACHINING OF MECHANICAL PARTS\",\"item\":\"https:\\\/\\\/www.serodem.fr\\\/en\\\/our-activities\\\/machining-of-mechanical-parts\\\/\"},{\"@type\":\"ListItem\",\"position\":4,\"name\":\"GRINDING\"}]},{\"@type\":\"WebSite\",\"@id\":\"https:\\\/\\\/www.serodem.fr\\\/en\\\/#website\",\"url\":\"https:\\\/\\\/www.serodem.fr\\\/en\\\/\",\"name\":\"Serodem.fr\",\"description\":\"\",\"potentialAction\":[{\"@type\":\"SearchAction\",\"target\":{\"@type\":\"EntryPoint\",\"urlTemplate\":\"https:\\\/\\\/www.serodem.fr\\\/en\\\/?s={search_term_string}\"},\"query-input\":{\"@type\":\"PropertyValueSpecification\",\"valueRequired\":true,\"valueName\":\"search_term_string\"}}],\"inLanguage\":\"en-US\"}]}<\/script>\n<!-- \/ Yoast SEO plugin. -->","yoast_head_json":{"title":"Rectification d'usinage : cylindrique, plane, coordonn\u00e9e - Serodem","description":"Serodem assure des travaux de rectification cylindrique, rectification plane et rectification en coordonn\u00e9es avec une pr\u00e9cision inf\u00e9rieure \u00e0 0.001 mm.","robots":{"index":"index","follow":"follow","max-snippet":"max-snippet:-1","max-image-preview":"max-image-preview:large","max-video-preview":"max-video-preview:-1"},"canonical":"https:\/\/www.serodem.fr\/en\/our-activities\/machining-of-mechanical-parts\/grinding\/","og_locale":"en_US","og_type":"article","og_title":"Rectification d'usinage : cylindrique, plane, coordonn\u00e9e - Serodem","og_description":"Serodem assure des travaux de rectification cylindrique, rectification plane et rectification en coordonn\u00e9es avec une pr\u00e9cision inf\u00e9rieure \u00e0 0.001 mm.","og_url":"https:\/\/www.serodem.fr\/en\/our-activities\/machining-of-mechanical-parts\/grinding\/","og_site_name":"Serodem.fr","article_modified_time":"2026-02-18T08:26:03+00:00","twitter_card":"summary_large_image","twitter_misc":{"Est. reading time":"2 minutes"},"schema":{"@context":"https:\/\/schema.org","@graph":[{"@type":"WebPage","@id":"https:\/\/www.serodem.fr\/en\/our-activities\/machining-of-mechanical-parts\/grinding\/","url":"https:\/\/www.serodem.fr\/en\/our-activities\/machining-of-mechanical-parts\/grinding\/","name":"Rectification d'usinage : cylindrique, plane, coordonn\u00e9e - Serodem","isPartOf":{"@id":"https:\/\/www.serodem.fr\/en\/#website"},"datePublished":"2018-02-12T10:46:22+00:00","dateModified":"2026-02-18T08:26:03+00:00","description":"Serodem assure des travaux de rectification cylindrique, rectification plane et rectification en coordonn\u00e9es avec une pr\u00e9cision inf\u00e9rieure \u00e0 0.001 mm.","breadcrumb":{"@id":"https:\/\/www.serodem.fr\/en\/our-activities\/machining-of-mechanical-parts\/grinding\/#breadcrumb"},"inLanguage":"en-US","potentialAction":[{"@type":"ReadAction","target":["https:\/\/www.serodem.fr\/en\/our-activities\/machining-of-mechanical-parts\/grinding\/"]}]},{"@type":"BreadcrumbList","@id":"https:\/\/www.serodem.fr\/en\/our-activities\/machining-of-mechanical-parts\/grinding\/#breadcrumb","itemListElement":[{"@type":"ListItem","position":1,"name":"Accueil","item":"https:\/\/www.serodem.fr\/en\/"},{"@type":"ListItem","position":2,"name":"our activities","item":"https:\/\/www.serodem.fr\/en\/our-activities\/machining-of-mechanical-parts\/turning-and-milling\/"},{"@type":"ListItem","position":3,"name":"MACHINING OF MECHANICAL PARTS","item":"https:\/\/www.serodem.fr\/en\/our-activities\/machining-of-mechanical-parts\/"},{"@type":"ListItem","position":4,"name":"GRINDING"}]},{"@type":"WebSite","@id":"https:\/\/www.serodem.fr\/en\/#website","url":"https:\/\/www.serodem.fr\/en\/","name":"Serodem.fr","description":"","potentialAction":[{"@type":"SearchAction","target":{"@type":"EntryPoint","urlTemplate":"https:\/\/www.serodem.fr\/en\/?s={search_term_string}"},"query-input":{"@type":"PropertyValueSpecification","valueRequired":true,"valueName":"search_term_string"}}],"inLanguage":"en-US"}]}},"_links":{"self":[{"href":"https:\/\/www.serodem.fr\/en\/wp-json\/wp\/v2\/pages\/821","targetHints":{"allow":["GET"]}}],"collection":[{"href":"https:\/\/www.serodem.fr\/en\/wp-json\/wp\/v2\/pages"}],"about":[{"href":"https:\/\/www.serodem.fr\/en\/wp-json\/wp\/v2\/types\/page"}],"author":[{"embeddable":true,"href":"https:\/\/www.serodem.fr\/en\/wp-json\/wp\/v2\/users\/2"}],"replies":[{"embeddable":true,"href":"https:\/\/www.serodem.fr\/en\/wp-json\/wp\/v2\/comments?post=821"}],"version-history":[{"count":2,"href":"https:\/\/www.serodem.fr\/en\/wp-json\/wp\/v2\/pages\/821\/revisions"}],"predecessor-version":[{"id":1761,"href":"https:\/\/www.serodem.fr\/en\/wp-json\/wp\/v2\/pages\/821\/revisions\/1761"}],"up":[{"embeddable":true,"href":"https:\/\/www.serodem.fr\/en\/wp-json\/wp\/v2\/pages\/806"}],"wp:attachment":[{"href":"https:\/\/www.serodem.fr\/en\/wp-json\/wp\/v2\/media?parent=821"}],"curies":[{"name":"wp","href":"https:\/\/api.w.org\/{rel}","templated":true}]}}