{"id":828,"date":"2018-02-12T12:04:42","date_gmt":"2018-02-12T11:04:42","guid":{"rendered":"https:\/\/www.serodem.fr\/?page_id=828"},"modified":"2018-02-12T12:11:15","modified_gmt":"2018-02-12T11:11:15","slug":"design-office","status":"publish","type":"page","link":"https:\/\/www.serodem.fr\/en\/our-activities\/design-office\/","title":{"rendered":"DESIGN OFFICE"},"content":{"rendered":"<div class=\"wpb-content-wrapper\"><p>[vc_row full_width=&#8221;stretch_row&#8221; css=&#8221;.vc_custom_1501763236995{background-color: #f3f3f3 !important;}&#8221;][vc_column width=&#8221;1\/4&#8243; offset=&#8221;vc_hidden-xs&#8221;][vc_wp_custommenu nav_menu=&#8221;7&#8243; el_class=&#8221;left-menu&#8221;][\/vc_column][vc_column width=&#8221;3\/4&#8243;][vc_column_text el_class=&#8221;text-center&#8221;]<\/p>\n<h1 style=\"text-align: center;\">TWO DESIGN OFFICES<\/h1>\n<p>[\/vc_column_text][vc_column_text]<\/p>\n<h2>OUR KNOW-HOW<\/h2>\n<p>With our integrated design offices and experienced technicians, we can conduct <strong>machine tool studies<\/strong> in areas linked to mechanical or hydraulic die productions (classic cutting, fine cutting, bending or stamping).<\/p>\n<p>We are also perfectly familiar with <strong>ISO scoring<\/strong> and can <strong>adapt and modify processes<\/strong>, set up inspection and assembly means and create high-precision subsets.<\/p>\n<h2 class=\"p1 h2\">OUR COMMITMENTS<\/h2>\n<p>At SERODEM we apply a <strong>co-engineering approach<\/strong> bringing into play several businesses and skills around your project (feasibility study review of your requirements, proposed technical solutions).<\/p>\n<p>Finally, over and above the study of your project or processing of a simple workpiece, we guarantee a bespoke approach through our human-scale structure.<\/p>\n<h2 class=\"p1 h2\">OUR RESOURCES<\/h2>\n<ul>\n<li class=\"p2\">Catia, Solidworks for your 3D studies<\/li>\n<li class=\"p2\">Stamping simulation (one step) with FormingSuite<\/li>\n<\/ul>\n<h2 class=\"h2\">OUR REFERENCES<\/h2>\n<p>[\/vc_column_text][vc_row_inner equal_height=&#8221;yes&#8221; content_placement=&#8221;middle&#8221; css=&#8221;.vc_custom_1505894183740{background-color: #ffffff !important;}&#8221;][vc_column_inner width=&#8221;1\/6&#8243;][vc_column_text css_animation=&#8221;flipInX&#8221;]<\/p>\n<p style=\"text-align: center;\"><span class=\"editor-bold\">ABL<\/span><\/p>\n<p>[\/vc_column_text][\/vc_column_inner][vc_column_inner width=&#8221;1\/6&#8243;][vc_column_text css_animation=&#8221;flipInX&#8221;]<\/p>\n<p style=\"text-align: center;\"><span class=\"editor-bold\">ACI<\/span><\/p>\n<p>[\/vc_column_text][\/vc_column_inner][vc_column_inner width=&#8221;1\/6&#8243;][vc_single_image image=&#8221;200&#8243; img_size=&#8221;full&#8221; alignment=&#8221;center&#8221; css_animation=&#8221;flipInX&#8221;][\/vc_column_inner][vc_column_inner width=&#8221;1\/6&#8243;][vc_single_image image=&#8221;203&#8243; img_size=&#8221;full&#8221; alignment=&#8221;center&#8221; css_animation=&#8221;flipInX&#8221;][\/vc_column_inner][vc_column_inner width=&#8221;1\/6&#8243;][vc_single_image image=&#8221;206&#8243; img_size=&#8221;full&#8221; alignment=&#8221;center&#8221; css_animation=&#8221;flipInX&#8221;][\/vc_column_inner][vc_column_inner width=&#8221;1\/6&#8243;][vc_single_image image=&#8221;221&#8243; img_size=&#8221;full&#8221; alignment=&#8221;center&#8221; css_animation=&#8221;flipInX&#8221;][\/vc_column_inner][\/vc_row_inner][vc_row_inner content_placement=&#8221;middle&#8221; css=&#8221;.vc_custom_1505894333247{background-color: #ffffff !important;}&#8221;][vc_column_inner width=&#8221;1\/6&#8243;][vc_single_image image=&#8221;209&#8243; img_size=&#8221;full&#8221; alignment=&#8221;center&#8221; css_animation=&#8221;flipInX&#8221;][\/vc_column_inner][vc_column_inner width=&#8221;1\/6&#8243;][vc_single_image image=&#8221;212&#8243; img_size=&#8221;full&#8221; alignment=&#8221;center&#8221; css_animation=&#8221;flipInX&#8221;][\/vc_column_inner][vc_column_inner width=&#8221;1\/6&#8243;][vc_single_image image=&#8221;215&#8243; img_size=&#8221;full&#8221; alignment=&#8221;center&#8221; css_animation=&#8221;flipInX&#8221;][\/vc_column_inner][vc_column_inner width=&#8221;1\/6&#8243;][vc_single_image image=&#8221;227&#8243; img_size=&#8221;full&#8221; alignment=&#8221;center&#8221; css_animation=&#8221;flipInX&#8221;][\/vc_column_inner][vc_column_inner width=&#8221;1\/6&#8243;][vc_single_image image=&#8221;197&#8243; img_size=&#8221;full&#8221; alignment=&#8221;center&#8221; css_animation=&#8221;flipInX&#8221;][\/vc_column_inner][vc_column_inner width=&#8221;1\/6&#8243;][\/vc_column_inner][\/vc_row_inner][vc_empty_space][\/vc_column][\/vc_row]<\/p>\n<\/div>","protected":false},"excerpt":{"rendered":"<p>[vc_row full_width=&#8221;stretch_row&#8221; css=&#8221;.vc_custom_1501763236995{background-color: #f3f3f3 !important;}&#8221;][vc_column width=&#8221;1\/4&#8243; offset=&#8221;vc_hidden-xs&#8221;][vc_wp_custommenu nav_menu=&#8221;7&#8243; el_class=&#8221;left-menu&#8221;][\/vc_column][vc_column width=&#8221;3\/4&#8243;][vc_column_text el_class=&#8221;text-center&#8221;] TWO DESIGN OFFICES [\/vc_column_text][vc_column_text] OUR KNOW-HOW With our integrated design offices and experienced technicians, we can conduct machine tool studies in areas linked to mechanical or hydraulic die productions (classic cutting, fine cutting, bending or stamping). We are also [&hellip;]<\/p>\n","protected":false},"author":2,"featured_media":233,"parent":802,"menu_order":0,"comment_status":"closed","ping_status":"closed","template":"","meta":{"inline_featured_image":false,"footnotes":""},"class_list":["post-828","page","type-page","status-publish","hentry"],"yoast_head":"<!-- This site is optimized with the Yoast SEO plugin v27.4 - https:\/\/yoast.com\/product\/yoast-seo-wordpress\/ -->\n<title>Bureau d&#039;\u00c9tudes M\u00e9canique - M\u00e9canique de Haute Pr\u00e9cision \u2013 Serodem<\/title>\n<meta name=\"robots\" content=\"index, follow, max-snippet:-1, max-image-preview:large, max-video-preview:-1\" \/>\n<link rel=\"canonical\" href=\"https:\/\/www.serodem.fr\/en\/our-activities\/design-office\/\" \/>\n<meta property=\"og:locale\" content=\"en_US\" \/>\n<meta property=\"og:type\" content=\"article\" \/>\n<meta property=\"og:title\" content=\"Bureau d&#039;\u00c9tudes M\u00e9canique - M\u00e9canique de Haute Pr\u00e9cision \u2013 Serodem\" \/>\n<meta property=\"og:description\" content=\"[vc_row full_width=&#8221;stretch_row&#8221; css=&#8221;.vc_custom_1501763236995{background-color: #f3f3f3 !important;}&#8221;][vc_column width=&#8221;1\/4&#8243; offset=&#8221;vc_hidden-xs&#8221;][vc_wp_custommenu nav_menu=&#8221;7&#8243; el_class=&#8221;left-menu&#8221;][\/vc_column][vc_column width=&#8221;3\/4&#8243;][vc_column_text el_class=&#8221;text-center&#8221;] TWO DESIGN OFFICES [\/vc_column_text][vc_column_text] OUR KNOW-HOW With our integrated design offices and experienced technicians, we can conduct machine tool studies in areas linked to mechanical or hydraulic die productions (classic cutting, fine cutting, bending or stamping). We are also [&hellip;]\" \/>\n<meta property=\"og:url\" content=\"https:\/\/www.serodem.fr\/en\/our-activities\/design-office\/\" \/>\n<meta property=\"og:site_name\" content=\"Serodem.fr\" \/>\n<meta property=\"article:modified_time\" content=\"2018-02-12T11:11:15+00:00\" \/>\n<meta property=\"og:image\" content=\"https:\/\/www.serodem.fr\/wp-content\/uploads\/2017\/08\/banner-bureau-etudes.jpg\" \/>\n\t<meta property=\"og:image:width\" content=\"1800\" \/>\n\t<meta property=\"og:image:height\" content=\"1167\" \/>\n\t<meta property=\"og:image:type\" content=\"image\/jpeg\" \/>\n<meta name=\"twitter:card\" content=\"summary_large_image\" \/>\n<meta name=\"twitter:label1\" content=\"Est. reading time\" \/>\n\t<meta name=\"twitter:data1\" content=\"2 minutes\" \/>\n<script type=\"application\/ld+json\" class=\"yoast-schema-graph\">{\"@context\":\"https:\\\/\\\/schema.org\",\"@graph\":[{\"@type\":\"WebPage\",\"@id\":\"https:\\\/\\\/www.serodem.fr\\\/en\\\/our-activities\\\/design-office\\\/\",\"url\":\"https:\\\/\\\/www.serodem.fr\\\/en\\\/our-activities\\\/design-office\\\/\",\"name\":\"Bureau d'\u00c9tudes M\u00e9canique - M\u00e9canique de Haute Pr\u00e9cision \u2013 Serodem\",\"isPartOf\":{\"@id\":\"https:\\\/\\\/www.serodem.fr\\\/en\\\/#website\"},\"primaryImageOfPage\":{\"@id\":\"https:\\\/\\\/www.serodem.fr\\\/en\\\/our-activities\\\/design-office\\\/#primaryimage\"},\"image\":{\"@id\":\"https:\\\/\\\/www.serodem.fr\\\/en\\\/our-activities\\\/design-office\\\/#primaryimage\"},\"thumbnailUrl\":\"https:\\\/\\\/www.serodem.fr\\\/wp-content\\\/uploads\\\/2017\\\/08\\\/banner-bureau-etudes.jpg\",\"datePublished\":\"2018-02-12T11:04:42+00:00\",\"dateModified\":\"2018-02-12T11:11:15+00:00\",\"breadcrumb\":{\"@id\":\"https:\\\/\\\/www.serodem.fr\\\/en\\\/our-activities\\\/design-office\\\/#breadcrumb\"},\"inLanguage\":\"en-US\",\"potentialAction\":[{\"@type\":\"ReadAction\",\"target\":[\"https:\\\/\\\/www.serodem.fr\\\/en\\\/our-activities\\\/design-office\\\/\"]}]},{\"@type\":\"ImageObject\",\"inLanguage\":\"en-US\",\"@id\":\"https:\\\/\\\/www.serodem.fr\\\/en\\\/our-activities\\\/design-office\\\/#primaryimage\",\"url\":\"https:\\\/\\\/www.serodem.fr\\\/wp-content\\\/uploads\\\/2017\\\/08\\\/banner-bureau-etudes.jpg\",\"contentUrl\":\"https:\\\/\\\/www.serodem.fr\\\/wp-content\\\/uploads\\\/2017\\\/08\\\/banner-bureau-etudes.jpg\",\"width\":1800,\"height\":1167},{\"@type\":\"BreadcrumbList\",\"@id\":\"https:\\\/\\\/www.serodem.fr\\\/en\\\/our-activities\\\/design-office\\\/#breadcrumb\",\"itemListElement\":[{\"@type\":\"ListItem\",\"position\":1,\"name\":\"Accueil\",\"item\":\"https:\\\/\\\/www.serodem.fr\\\/en\\\/\"},{\"@type\":\"ListItem\",\"position\":2,\"name\":\"our activities\",\"item\":\"https:\\\/\\\/www.serodem.fr\\\/en\\\/our-activities\\\/design-office\\\/\"},{\"@type\":\"ListItem\",\"position\":3,\"name\":\"DESIGN OFFICE\"}]},{\"@type\":\"WebSite\",\"@id\":\"https:\\\/\\\/www.serodem.fr\\\/en\\\/#website\",\"url\":\"https:\\\/\\\/www.serodem.fr\\\/en\\\/\",\"name\":\"Serodem.fr\",\"description\":\"\",\"potentialAction\":[{\"@type\":\"SearchAction\",\"target\":{\"@type\":\"EntryPoint\",\"urlTemplate\":\"https:\\\/\\\/www.serodem.fr\\\/en\\\/?s={search_term_string}\"},\"query-input\":{\"@type\":\"PropertyValueSpecification\",\"valueRequired\":true,\"valueName\":\"search_term_string\"}}],\"inLanguage\":\"en-US\"}]}<\/script>\n<!-- \/ Yoast SEO plugin. -->","yoast_head_json":{"title":"Bureau d'\u00c9tudes M\u00e9canique - M\u00e9canique de Haute Pr\u00e9cision \u2013 Serodem","robots":{"index":"index","follow":"follow","max-snippet":"max-snippet:-1","max-image-preview":"max-image-preview:large","max-video-preview":"max-video-preview:-1"},"canonical":"https:\/\/www.serodem.fr\/en\/our-activities\/design-office\/","og_locale":"en_US","og_type":"article","og_title":"Bureau d'\u00c9tudes M\u00e9canique - M\u00e9canique de Haute Pr\u00e9cision \u2013 Serodem","og_description":"[vc_row full_width=&#8221;stretch_row&#8221; css=&#8221;.vc_custom_1501763236995{background-color: #f3f3f3 !important;}&#8221;][vc_column width=&#8221;1\/4&#8243; offset=&#8221;vc_hidden-xs&#8221;][vc_wp_custommenu nav_menu=&#8221;7&#8243; el_class=&#8221;left-menu&#8221;][\/vc_column][vc_column width=&#8221;3\/4&#8243;][vc_column_text el_class=&#8221;text-center&#8221;] TWO DESIGN OFFICES [\/vc_column_text][vc_column_text] OUR KNOW-HOW With our integrated design offices and experienced technicians, we can conduct machine tool studies in areas linked to mechanical or hydraulic die productions (classic cutting, fine cutting, bending or stamping). We are also [&hellip;]","og_url":"https:\/\/www.serodem.fr\/en\/our-activities\/design-office\/","og_site_name":"Serodem.fr","article_modified_time":"2018-02-12T11:11:15+00:00","og_image":[{"width":1800,"height":1167,"url":"https:\/\/www.serodem.fr\/wp-content\/uploads\/2017\/08\/banner-bureau-etudes.jpg","type":"image\/jpeg"}],"twitter_card":"summary_large_image","twitter_misc":{"Est. reading time":"2 minutes"},"schema":{"@context":"https:\/\/schema.org","@graph":[{"@type":"WebPage","@id":"https:\/\/www.serodem.fr\/en\/our-activities\/design-office\/","url":"https:\/\/www.serodem.fr\/en\/our-activities\/design-office\/","name":"Bureau d'\u00c9tudes M\u00e9canique - M\u00e9canique de Haute Pr\u00e9cision \u2013 Serodem","isPartOf":{"@id":"https:\/\/www.serodem.fr\/en\/#website"},"primaryImageOfPage":{"@id":"https:\/\/www.serodem.fr\/en\/our-activities\/design-office\/#primaryimage"},"image":{"@id":"https:\/\/www.serodem.fr\/en\/our-activities\/design-office\/#primaryimage"},"thumbnailUrl":"https:\/\/www.serodem.fr\/wp-content\/uploads\/2017\/08\/banner-bureau-etudes.jpg","datePublished":"2018-02-12T11:04:42+00:00","dateModified":"2018-02-12T11:11:15+00:00","breadcrumb":{"@id":"https:\/\/www.serodem.fr\/en\/our-activities\/design-office\/#breadcrumb"},"inLanguage":"en-US","potentialAction":[{"@type":"ReadAction","target":["https:\/\/www.serodem.fr\/en\/our-activities\/design-office\/"]}]},{"@type":"ImageObject","inLanguage":"en-US","@id":"https:\/\/www.serodem.fr\/en\/our-activities\/design-office\/#primaryimage","url":"https:\/\/www.serodem.fr\/wp-content\/uploads\/2017\/08\/banner-bureau-etudes.jpg","contentUrl":"https:\/\/www.serodem.fr\/wp-content\/uploads\/2017\/08\/banner-bureau-etudes.jpg","width":1800,"height":1167},{"@type":"BreadcrumbList","@id":"https:\/\/www.serodem.fr\/en\/our-activities\/design-office\/#breadcrumb","itemListElement":[{"@type":"ListItem","position":1,"name":"Accueil","item":"https:\/\/www.serodem.fr\/en\/"},{"@type":"ListItem","position":2,"name":"our activities","item":"https:\/\/www.serodem.fr\/en\/our-activities\/design-office\/"},{"@type":"ListItem","position":3,"name":"DESIGN OFFICE"}]},{"@type":"WebSite","@id":"https:\/\/www.serodem.fr\/en\/#website","url":"https:\/\/www.serodem.fr\/en\/","name":"Serodem.fr","description":"","potentialAction":[{"@type":"SearchAction","target":{"@type":"EntryPoint","urlTemplate":"https:\/\/www.serodem.fr\/en\/?s={search_term_string}"},"query-input":{"@type":"PropertyValueSpecification","valueRequired":true,"valueName":"search_term_string"}}],"inLanguage":"en-US"}]}},"_links":{"self":[{"href":"https:\/\/www.serodem.fr\/en\/wp-json\/wp\/v2\/pages\/828","targetHints":{"allow":["GET"]}}],"collection":[{"href":"https:\/\/www.serodem.fr\/en\/wp-json\/wp\/v2\/pages"}],"about":[{"href":"https:\/\/www.serodem.fr\/en\/wp-json\/wp\/v2\/types\/page"}],"author":[{"embeddable":true,"href":"https:\/\/www.serodem.fr\/en\/wp-json\/wp\/v2\/users\/2"}],"replies":[{"embeddable":true,"href":"https:\/\/www.serodem.fr\/en\/wp-json\/wp\/v2\/comments?post=828"}],"version-history":[{"count":0,"href":"https:\/\/www.serodem.fr\/en\/wp-json\/wp\/v2\/pages\/828\/revisions"}],"up":[{"embeddable":true,"href":"https:\/\/www.serodem.fr\/en\/wp-json\/wp\/v2\/pages\/802"}],"wp:featuredmedia":[{"embeddable":true,"href":"https:\/\/www.serodem.fr\/en\/wp-json\/wp\/v2\/media\/233"}],"wp:attachment":[{"href":"https:\/\/www.serodem.fr\/en\/wp-json\/wp\/v2\/media?parent=828"}],"curies":[{"name":"wp","href":"https:\/\/api.w.org\/{rel}","templated":true}]}}