{"id":831,"date":"2018-02-12T12:09:02","date_gmt":"2018-02-12T11:09:02","guid":{"rendered":"https:\/\/www.serodem.fr\/?page_id=831"},"modified":"2025-09-22T18:18:35","modified_gmt":"2025-09-22T16:18:35","slug":"quality-certifications","status":"publish","type":"page","link":"https:\/\/www.serodem.fr\/en\/quality-certifications\/","title":{"rendered":"QUALITY &#038; CERTIFICATIONS"},"content":{"rendered":"<div class=\"wpb-content-wrapper\"><p>[vc_row full_width=&#8221;stretch_row&#8221; css=&#8221;.vc_custom_1507716788662{margin-bottom: -25px !important;background-color: #f3f3f3 !important;}&#8221;][vc_column width=&#8221;1\/12&#8243; offset=&#8221;vc_hidden-xs&#8221;][\/vc_column][vc_column width=&#8221;10\/12&#8243;][vc_column_text el_class=&#8221;text-center&#8221;]<\/p>\n<h1 class=\"h1\">CONTROL, QUALITY AND CERTIFICATION TO SUPPORT YOUR PRODUCTION<\/h1>\n<p>[\/vc_column_text][vc_column_text css=&#8221;&#8221;]<\/p>\n<h2>CONTROL AND QUALITY<\/h2>\n<p>All SERODEM\u2019s production is meticulously controlled using our <strong>measuring instruments consisting of 700 appliances<\/strong>, checked and maintained according to the international calibration chain.<\/p>\n<p>To ensure high-precision verifications (to the nearest micron) in optimal conditions, we have:<\/p>\n<ul>\n<li><span class=\"editor-bold\">2 three-dimensional machines<\/span><\/li>\n<li><span class=\"editor-bold\">several benches<\/span><\/li>\n<li><span class=\"editor-bold\">rooms dedicated to metrology<\/span><\/li>\n<li><span class=\"editor-bold\">an air-conditioned workshop<\/span><\/li>\n<\/ul>\n<p>We attentively look at the result of regular audits and proceed with regulatory and security verifications to take the necessary upgrading action. We also attentively monitor the performance of our providers.<\/p>\n<p>&nbsp;<\/p>\n<h2><span style=\"color: #ef7a23; font-size: 16px; font-weight: 600; text-transform: uppercase;\">CertificationS<\/span><\/h2>\n<p>SERODEM is recognised for its high-precision engineering and certifications:[\/vc_column_text][vc_row_inner][vc_column_inner width=&#8221;1\/3&#8243;][vc_column_text css_animation=&#8221;flipInX&#8221;]<img decoding=\"async\" class=\"alignnone wp-image-68 size-full\" src=\"https:\/\/www.serodem.fr\/wp-content\/uploads\/2017\/08\/afaq-qualite.png\" alt=\"Certification AFAQ ISO 9001\" width=\"78\" height=\"71\" \/><span class=\"editor-bold\">ISO9001<\/span> since 2001[\/vc_column_text][\/vc_column_inner][vc_column_inner width=&#8221;1\/3&#8243;][vc_column_text css_animation=&#8221;flipInX&#8221;]<img decoding=\"async\" class=\"alignnone wp-image-65 size-full\" src=\"https:\/\/www.serodem.fr\/wp-content\/uploads\/2017\/08\/afaq-aeronautique.png\" alt=\"Certification m\u00e9canique de pr\u00e9cision EN9100\" width=\"79\" height=\"73\" \/><span class=\"editor-bold\">EN9100<\/span> (aeronautic sector) since 2009[\/vc_column_text][\/vc_column_inner][vc_column_inner width=&#8221;1\/3&#8243;][\/vc_column_inner][\/vc_row_inner][vc_column_text]EN9100 and ISO9001 precision engineering certifications guarantee work compliant with these strict frameworks and with standardised procedures.[\/vc_column_text][\/vc_column][vc_column width=&#8221;1\/12&#8243;][\/vc_column][\/vc_row][vc_row][vc_column][vc_column_text]<\/p>\n<h2 style=\"text-align: center;\">IN PICTURES<\/h2>\n<p>[\/vc_column_text][vc_media_grid element_width=&#8221;2&#8243; item=&#8221;mediaGrid_ScaleWithRotation&#8221; grid_id=&#8221;vc_gid:1758557858947-51da090e-2a2d-3&#8243; include=&#8221;469,472,475,478,481,484&#8243;][\/vc_column][\/vc_row]<\/p>\n<\/div>","protected":false},"excerpt":{"rendered":"<p>[vc_row full_width=&#8221;stretch_row&#8221; css=&#8221;.vc_custom_1507716788662{margin-bottom: -25px !important;background-color: #f3f3f3 !important;}&#8221;][vc_column width=&#8221;1\/12&#8243; offset=&#8221;vc_hidden-xs&#8221;][\/vc_column][vc_column width=&#8221;10\/12&#8243;][vc_column_text el_class=&#8221;text-center&#8221;] CONTROL, QUALITY AND CERTIFICATION TO SUPPORT YOUR PRODUCTION [\/vc_column_text][vc_column_text css=&#8221;&#8221;] CONTROL AND QUALITY All SERODEM\u2019s production is meticulously controlled using our measuring instruments consisting of 700 appliances, checked and maintained according to the international calibration chain. To ensure high-precision [&hellip;]<\/p>\n","protected":false},"author":2,"featured_media":475,"parent":0,"menu_order":4,"comment_status":"closed","ping_status":"closed","template":"","meta":{"inline_featured_image":false,"footnotes":""},"class_list":["post-831","page","type-page","status-publish","hentry"],"yoast_head":"<!-- This site is optimized with the Yoast SEO plugin v27.5 - https:\/\/yoast.com\/product\/yoast-seo-wordpress\/ -->\n<title>Certification en M\u00e9canique de Pr\u00e9cision EN9100 et ISO9001 - Serodem<\/title>\n<meta name=\"description\" content=\"Serodem est certifi\u00e9 EN 9100 ET ISO 9001. Nous disposons d&#039;un parc d&#039;instruments de mesure de plus de 700 appareils pour contr\u00f4ler toutes nos r\u00e9alisations.\" \/>\n<meta name=\"robots\" content=\"index, follow, max-snippet:-1, max-image-preview:large, max-video-preview:-1\" \/>\n<link rel=\"canonical\" href=\"https:\/\/www.serodem.fr\/en\/quality-certifications\/\" \/>\n<meta property=\"og:locale\" content=\"en_US\" \/>\n<meta property=\"og:type\" content=\"article\" \/>\n<meta property=\"og:title\" content=\"Certification en M\u00e9canique de Pr\u00e9cision EN9100 et ISO9001 - Serodem\" \/>\n<meta property=\"og:description\" content=\"Serodem est certifi\u00e9 EN 9100 ET ISO 9001. Nous disposons d&#039;un parc d&#039;instruments de mesure de plus de 700 appareils pour contr\u00f4ler toutes nos r\u00e9alisations.\" \/>\n<meta property=\"og:url\" content=\"https:\/\/www.serodem.fr\/en\/quality-certifications\/\" \/>\n<meta property=\"og:site_name\" content=\"Serodem.fr\" \/>\n<meta property=\"article:modified_time\" content=\"2025-09-22T16:18:35+00:00\" \/>\n<meta property=\"og:image\" content=\"https:\/\/www.serodem.fr\/wp-content\/uploads\/2017\/08\/Mecanique-precision-EN9100-3.jpg\" \/>\n\t<meta property=\"og:image:width\" content=\"1500\" \/>\n\t<meta property=\"og:image:height\" content=\"1125\" \/>\n\t<meta property=\"og:image:type\" content=\"image\/jpeg\" \/>\n<meta name=\"twitter:card\" content=\"summary_large_image\" \/>\n<meta name=\"twitter:label1\" content=\"Est. reading time\" \/>\n\t<meta name=\"twitter:data1\" content=\"3 minutes\" \/>\n<script type=\"application\/ld+json\" class=\"yoast-schema-graph\">{\"@context\":\"https:\\\/\\\/schema.org\",\"@graph\":[{\"@type\":\"WebPage\",\"@id\":\"https:\\\/\\\/www.serodem.fr\\\/en\\\/quality-certifications\\\/\",\"url\":\"https:\\\/\\\/www.serodem.fr\\\/en\\\/quality-certifications\\\/\",\"name\":\"Certification en M\u00e9canique de Pr\u00e9cision EN9100 et ISO9001 - Serodem\",\"isPartOf\":{\"@id\":\"https:\\\/\\\/www.serodem.fr\\\/en\\\/#website\"},\"primaryImageOfPage\":{\"@id\":\"https:\\\/\\\/www.serodem.fr\\\/en\\\/quality-certifications\\\/#primaryimage\"},\"image\":{\"@id\":\"https:\\\/\\\/www.serodem.fr\\\/en\\\/quality-certifications\\\/#primaryimage\"},\"thumbnailUrl\":\"https:\\\/\\\/www.serodem.fr\\\/wp-content\\\/uploads\\\/2017\\\/08\\\/Mecanique-precision-EN9100-3.jpg\",\"datePublished\":\"2018-02-12T11:09:02+00:00\",\"dateModified\":\"2025-09-22T16:18:35+00:00\",\"description\":\"Serodem est certifi\u00e9 EN 9100 ET ISO 9001. Nous disposons d'un parc d'instruments de mesure de plus de 700 appareils pour contr\u00f4ler toutes nos r\u00e9alisations.\",\"breadcrumb\":{\"@id\":\"https:\\\/\\\/www.serodem.fr\\\/en\\\/quality-certifications\\\/#breadcrumb\"},\"inLanguage\":\"en-US\",\"potentialAction\":[{\"@type\":\"ReadAction\",\"target\":[\"https:\\\/\\\/www.serodem.fr\\\/en\\\/quality-certifications\\\/\"]}]},{\"@type\":\"ImageObject\",\"inLanguage\":\"en-US\",\"@id\":\"https:\\\/\\\/www.serodem.fr\\\/en\\\/quality-certifications\\\/#primaryimage\",\"url\":\"https:\\\/\\\/www.serodem.fr\\\/wp-content\\\/uploads\\\/2017\\\/08\\\/Mecanique-precision-EN9100-3.jpg\",\"contentUrl\":\"https:\\\/\\\/www.serodem.fr\\\/wp-content\\\/uploads\\\/2017\\\/08\\\/Mecanique-precision-EN9100-3.jpg\",\"width\":1500,\"height\":1125,\"caption\":\"EN9100 precision engineering\"},{\"@type\":\"BreadcrumbList\",\"@id\":\"https:\\\/\\\/www.serodem.fr\\\/en\\\/quality-certifications\\\/#breadcrumb\",\"itemListElement\":[{\"@type\":\"ListItem\",\"position\":1,\"name\":\"Accueil\",\"item\":\"https:\\\/\\\/www.serodem.fr\\\/en\\\/\"},{\"@type\":\"ListItem\",\"position\":2,\"name\":\"QUALITY &#038; CERTIFICATIONS\"}]},{\"@type\":\"WebSite\",\"@id\":\"https:\\\/\\\/www.serodem.fr\\\/en\\\/#website\",\"url\":\"https:\\\/\\\/www.serodem.fr\\\/en\\\/\",\"name\":\"Serodem.fr\",\"description\":\"\",\"potentialAction\":[{\"@type\":\"SearchAction\",\"target\":{\"@type\":\"EntryPoint\",\"urlTemplate\":\"https:\\\/\\\/www.serodem.fr\\\/en\\\/?s={search_term_string}\"},\"query-input\":{\"@type\":\"PropertyValueSpecification\",\"valueRequired\":true,\"valueName\":\"search_term_string\"}}],\"inLanguage\":\"en-US\"}]}<\/script>\n<!-- \/ Yoast SEO plugin. -->","yoast_head_json":{"title":"Certification en M\u00e9canique de Pr\u00e9cision EN9100 et ISO9001 - Serodem","description":"Serodem est certifi\u00e9 EN 9100 ET ISO 9001. Nous disposons d'un parc d'instruments de mesure de plus de 700 appareils pour contr\u00f4ler toutes nos r\u00e9alisations.","robots":{"index":"index","follow":"follow","max-snippet":"max-snippet:-1","max-image-preview":"max-image-preview:large","max-video-preview":"max-video-preview:-1"},"canonical":"https:\/\/www.serodem.fr\/en\/quality-certifications\/","og_locale":"en_US","og_type":"article","og_title":"Certification en M\u00e9canique de Pr\u00e9cision EN9100 et ISO9001 - Serodem","og_description":"Serodem est certifi\u00e9 EN 9100 ET ISO 9001. Nous disposons d'un parc d'instruments de mesure de plus de 700 appareils pour contr\u00f4ler toutes nos r\u00e9alisations.","og_url":"https:\/\/www.serodem.fr\/en\/quality-certifications\/","og_site_name":"Serodem.fr","article_modified_time":"2025-09-22T16:18:35+00:00","og_image":[{"width":1500,"height":1125,"url":"https:\/\/www.serodem.fr\/wp-content\/uploads\/2017\/08\/Mecanique-precision-EN9100-3.jpg","type":"image\/jpeg"}],"twitter_card":"summary_large_image","twitter_misc":{"Est. reading time":"3 minutes"},"schema":{"@context":"https:\/\/schema.org","@graph":[{"@type":"WebPage","@id":"https:\/\/www.serodem.fr\/en\/quality-certifications\/","url":"https:\/\/www.serodem.fr\/en\/quality-certifications\/","name":"Certification en M\u00e9canique de Pr\u00e9cision EN9100 et ISO9001 - Serodem","isPartOf":{"@id":"https:\/\/www.serodem.fr\/en\/#website"},"primaryImageOfPage":{"@id":"https:\/\/www.serodem.fr\/en\/quality-certifications\/#primaryimage"},"image":{"@id":"https:\/\/www.serodem.fr\/en\/quality-certifications\/#primaryimage"},"thumbnailUrl":"https:\/\/www.serodem.fr\/wp-content\/uploads\/2017\/08\/Mecanique-precision-EN9100-3.jpg","datePublished":"2018-02-12T11:09:02+00:00","dateModified":"2025-09-22T16:18:35+00:00","description":"Serodem est certifi\u00e9 EN 9100 ET ISO 9001. Nous disposons d'un parc d'instruments de mesure de plus de 700 appareils pour contr\u00f4ler toutes nos r\u00e9alisations.","breadcrumb":{"@id":"https:\/\/www.serodem.fr\/en\/quality-certifications\/#breadcrumb"},"inLanguage":"en-US","potentialAction":[{"@type":"ReadAction","target":["https:\/\/www.serodem.fr\/en\/quality-certifications\/"]}]},{"@type":"ImageObject","inLanguage":"en-US","@id":"https:\/\/www.serodem.fr\/en\/quality-certifications\/#primaryimage","url":"https:\/\/www.serodem.fr\/wp-content\/uploads\/2017\/08\/Mecanique-precision-EN9100-3.jpg","contentUrl":"https:\/\/www.serodem.fr\/wp-content\/uploads\/2017\/08\/Mecanique-precision-EN9100-3.jpg","width":1500,"height":1125,"caption":"EN9100 precision engineering"},{"@type":"BreadcrumbList","@id":"https:\/\/www.serodem.fr\/en\/quality-certifications\/#breadcrumb","itemListElement":[{"@type":"ListItem","position":1,"name":"Accueil","item":"https:\/\/www.serodem.fr\/en\/"},{"@type":"ListItem","position":2,"name":"QUALITY &#038; CERTIFICATIONS"}]},{"@type":"WebSite","@id":"https:\/\/www.serodem.fr\/en\/#website","url":"https:\/\/www.serodem.fr\/en\/","name":"Serodem.fr","description":"","potentialAction":[{"@type":"SearchAction","target":{"@type":"EntryPoint","urlTemplate":"https:\/\/www.serodem.fr\/en\/?s={search_term_string}"},"query-input":{"@type":"PropertyValueSpecification","valueRequired":true,"valueName":"search_term_string"}}],"inLanguage":"en-US"}]}},"_links":{"self":[{"href":"https:\/\/www.serodem.fr\/en\/wp-json\/wp\/v2\/pages\/831","targetHints":{"allow":["GET"]}}],"collection":[{"href":"https:\/\/www.serodem.fr\/en\/wp-json\/wp\/v2\/pages"}],"about":[{"href":"https:\/\/www.serodem.fr\/en\/wp-json\/wp\/v2\/types\/page"}],"author":[{"embeddable":true,"href":"https:\/\/www.serodem.fr\/en\/wp-json\/wp\/v2\/users\/2"}],"replies":[{"embeddable":true,"href":"https:\/\/www.serodem.fr\/en\/wp-json\/wp\/v2\/comments?post=831"}],"version-history":[{"count":2,"href":"https:\/\/www.serodem.fr\/en\/wp-json\/wp\/v2\/pages\/831\/revisions"}],"predecessor-version":[{"id":1731,"href":"https:\/\/www.serodem.fr\/en\/wp-json\/wp\/v2\/pages\/831\/revisions\/1731"}],"wp:featuredmedia":[{"embeddable":true,"href":"https:\/\/www.serodem.fr\/en\/wp-json\/wp\/v2\/media\/475"}],"wp:attachment":[{"href":"https:\/\/www.serodem.fr\/en\/wp-json\/wp\/v2\/media?parent=831"}],"curies":[{"name":"wp","href":"https:\/\/api.w.org\/{rel}","templated":true}]}}